{"id":991,"date":"2024-07-12T15:31:41","date_gmt":"2024-07-12T13:31:41","guid":{"rendered":"https:\/\/www.gysinge.com\/?post_type=product&#038;p=991"},"modified":"2026-04-30T02:45:23","modified_gmt":"2026-04-30T00:45:23","slug":"vindslampa","status":"publish","type":"product","link":"https:\/\/www.gysinge.com\/en\/produkt\/vindslampa\/","title":{"rendered":"Vindslampa"},"content":{"rendered":"<p>Vindslampan \u00e4r en f\u00f6nster- och bordsbelysning som tillkommit utifr\u00e5n behovet av en enkel och opretenti\u00f6s armatur f\u00f6r f\u00f6nsterbr\u00e4dan. Vindslampan ger ett varmt och mysigt ljus och med en lyktgl\u00f6dlampa blir skenet speciellt st\u00e4mningsfullt, vilket understryks av att lampkupan \u00e4r av handbl\u00e5st gnistrande glas.<\/p>\n<p>I Gysinge har vi bland annat lampan i f\u00f6nstren i N\u00e4stg\u00e5rdshuset, men m\u00e5nga anv\u00e4nder den \u00e4ven i f\u00f6nster i uthus och p\u00e5 vindar (d\u00e4rav namnet), d\u00e4r behovet av en flyttbar lampa ibland kan finnas. Som bordslampa i modern l\u00e4genhetsmilj\u00f6 \u00e4r den en otippad en h\u00f6jdare.<\/p>\n<p>Rak sockel av vitglaserat porslin. Kupa av klart handbl\u00e5st glas. Diameter 105 mm, h\u00f6jd inkl kupa 225 mm. 75W. Sockel E27. Svart tygkabel 2,5 meter med str\u00f6mbrytare\u00a0 \u00a0B\u00f6r endast anv\u00e4ndas i torra utrymmen inomhus.<\/p>\n<p>Gl\u00f6dlampan p\u00e5 bilden ing\u00e5r ej.<\/p>\n","protected":false},"excerpt":{"rendered":"<p>Vindslampan \u00e4r en f\u00f6nster- och bordsbelysning som tillkommit utifr\u00e5n behovet av en enkel och opretenti\u00f6s armatur f\u00f6r f\u00f6nsterbr\u00e4dan. Vindslampan ger ett varmt och mysigt ljus och med en lyktgl\u00f6dlampa blir skenet speciellt st\u00e4mningsfullt, vilket understryks av att lampkupan \u00e4r av handbl\u00e5st gnistrande glas. I Gysinge har vi bland annat lampan i f\u00f6nstren i N\u00e4stg\u00e5rdshuset, men [&hellip;]<\/p>\n","protected":false},"featured_media":69726,"comment_status":"open","ping_status":"closed","template":"","meta":{"_acf_changed":false},"product_brand":[],"product_cat":[821],"product_tag":[],"class_list":{"0":"post-991","1":"product","2":"type-product","3":"status-publish","4":"has-post-thumbnail","6":"product_cat-inomhus-belysning","8":"first","9":"instock","10":"taxable","11":"shipping-taxable","12":"purchasable","13":"product-type-simple"},"acf":[],"_links":{"self":[{"href":"https:\/\/www.gysinge.com\/en\/wp-json\/wp\/v2\/product\/991","targetHints":{"allow":["GET"]}}],"collection":[{"href":"https:\/\/www.gysinge.com\/en\/wp-json\/wp\/v2\/product"}],"about":[{"href":"https:\/\/www.gysinge.com\/en\/wp-json\/wp\/v2\/types\/product"}],"replies":[{"embeddable":true,"href":"https:\/\/www.gysinge.com\/en\/wp-json\/wp\/v2\/comments?post=991"}],"wp:featuredmedia":[{"embeddable":true,"href":"https:\/\/www.gysinge.com\/en\/wp-json\/wp\/v2\/media\/69726"}],"wp:attachment":[{"href":"https:\/\/www.gysinge.com\/en\/wp-json\/wp\/v2\/media?parent=991"}],"wp:term":[{"taxonomy":"product_brand","embeddable":true,"href":"https:\/\/www.gysinge.com\/en\/wp-json\/wp\/v2\/product_brand?post=991"},{"taxonomy":"product_cat","embeddable":true,"href":"https:\/\/www.gysinge.com\/en\/wp-json\/wp\/v2\/product_cat?post=991"},{"taxonomy":"product_tag","embeddable":true,"href":"https:\/\/www.gysinge.com\/en\/wp-json\/wp\/v2\/product_tag?post=991"}],"curies":[{"name":"wp","href":"https:\/\/api.w.org\/{rel}","templated":true}]}}