{"id":986,"date":"2024-07-12T15:31:40","date_gmt":"2024-07-12T13:31:40","guid":{"rendered":"https:\/\/www.gysinge.com\/?post_type=product&#038;p=986"},"modified":"2026-04-30T02:45:23","modified_gmt":"2026-04-30T00:45:23","slug":"torpet","status":"publish","type":"product","link":"https:\/\/www.gysinge.com\/en\/produkt\/torpet\/","title":{"rendered":"Torpet"},"content":{"rendered":"<p>Torpet \u00e4r en gedigen, handgjuten utomhuslampa i enkel och tidl\u00f6s stil med en sk\u00e4rm av kraftig emaljerad st\u00e5lpl\u00e5t och en munbl\u00e5st glaskupa p\u00e5 en rak gjutj\u00e4rnsarm. Den passar b\u00e5de det klassiska sommarst\u00e4llet och den strama villan d\u00e5 den enkla formen f\u00f6renar det b\u00e4sta av tv\u00e5 v\u00e4rldar \u2013 tradition och design. Torpet blir extra autentisk med en gl\u00f6dtr\u00e5dslampa i kombination med den munbl\u00e5sta glaskupan.<\/p>\n<p>Sandgjutet v\u00e4ggf\u00e4ste och gjutj\u00e4rnsarm, m\u00e5lade i en grafitgr\u00e5 kul\u00f6r. Kupa av munbl\u00e5st klarglas. L\u00e4ngd 38 cm, h\u00f6jd 28 cm. Sk\u00e4rmens diameter 27 cm. IP-klass 44. Sockel E27. Tr\u00e4skruv medf\u00f6ljer.<\/p>\n","protected":false},"excerpt":{"rendered":"<p>Torpet \u00e4r en gedigen, handgjuten utomhuslampa i enkel och tidl\u00f6s stil med en sk\u00e4rm av kraftig emaljerad st\u00e5lpl\u00e5t och en munbl\u00e5st glaskupa p\u00e5 en rak gjutj\u00e4rnsarm. Den passar b\u00e5de det klassiska sommarst\u00e4llet och den strama villan d\u00e5 den enkla formen f\u00f6renar det b\u00e4sta av tv\u00e5 v\u00e4rldar \u2013 tradition och design. Torpet blir extra autentisk med en gl\u00f6dtr\u00e5dslampa i kombination med den munbl\u00e5sta glaskupan.<\/p>\n<p>Sandgjutet v\u00e4ggf\u00e4ste och gjutj\u00e4rnsarm, m\u00e5lade i en grafitgr\u00e5 kul\u00f6r. Kupa av munbl\u00e5st klarglas. L\u00e4ngd 38 cm, h\u00f6jd 28 cm. Sk\u00e4rmens diameter 27 cm. IP-klass 44. Sockel E27. Tr\u00e4skruv medf\u00f6ljer.<\/p>\n","protected":false},"featured_media":27797,"comment_status":"open","ping_status":"closed","template":"","meta":{"_acf_changed":false},"product_brand":[],"product_cat":[822],"product_tag":[],"class_list":{"0":"post-986","1":"product","2":"type-product","3":"status-publish","4":"has-post-thumbnail","6":"product_cat-utomhus-belysning","8":"first","9":"instock","10":"taxable","11":"shipping-taxable","12":"purchasable","13":"product-type-simple"},"acf":[],"_links":{"self":[{"href":"https:\/\/www.gysinge.com\/en\/wp-json\/wp\/v2\/product\/986","targetHints":{"allow":["GET"]}}],"collection":[{"href":"https:\/\/www.gysinge.com\/en\/wp-json\/wp\/v2\/product"}],"about":[{"href":"https:\/\/www.gysinge.com\/en\/wp-json\/wp\/v2\/types\/product"}],"replies":[{"embeddable":true,"href":"https:\/\/www.gysinge.com\/en\/wp-json\/wp\/v2\/comments?post=986"}],"wp:featuredmedia":[{"embeddable":true,"href":"https:\/\/www.gysinge.com\/en\/wp-json\/wp\/v2\/media\/27797"}],"wp:attachment":[{"href":"https:\/\/www.gysinge.com\/en\/wp-json\/wp\/v2\/media?parent=986"}],"wp:term":[{"taxonomy":"product_brand","embeddable":true,"href":"https:\/\/www.gysinge.com\/en\/wp-json\/wp\/v2\/product_brand?post=986"},{"taxonomy":"product_cat","embeddable":true,"href":"https:\/\/www.gysinge.com\/en\/wp-json\/wp\/v2\/product_cat?post=986"},{"taxonomy":"product_tag","embeddable":true,"href":"https:\/\/www.gysinge.com\/en\/wp-json\/wp\/v2\/product_tag?post=986"}],"curies":[{"name":"wp","href":"https:\/\/api.w.org\/{rel}","templated":true}]}}