{"id":73714,"date":"2026-04-24T14:00:39","date_gmt":"2026-04-24T12:00:39","guid":{"rendered":"https:\/\/www.gysinge.com\/produkt\/lindrev-rulle\/"},"modified":"2026-04-29T02:43:14","modified_gmt":"2026-04-29T00:43:14","slug":"lindrev-rulle","status":"publish","type":"product","link":"https:\/\/www.gysinge.com\/en\/produkt\/lindrev-rulle\/","title":{"rendered":"Lindrev rulle, 21 meter"},"content":{"rendered":"<p>Lindrev \u00e4r en ren naturprodukt som best\u00e5r av 100 % linfiber. Linfibrerna kan b\u00e5de ta upp och avge fukt (andas), vilket g\u00f6r att eventuell fukt kan tas om hand och transporteras i konstruktionen, en unik egenskap i j\u00e4mf\u00f6relse med syntetiska isoleringsmaterial. Lindrev \u00e4r ocks\u00e5 trevligt att arbeta med, det ger en bra arbetsmilj\u00f6.<\/p>\n<p>Strukturen p\u00e5 drevet g\u00f6r det \u00f6verl\u00e4gset vid drevning j\u00e4mf\u00f6rt med andra isolerings-material och speciellt vid tr\u00e5nga fogar. Tunna och vassa verktyg kan anv\u00e4ndas, t.ex v\u00e5ra drevj\u00e4rn. Det \u00e4r l\u00e4tt att dela drevremsan f\u00f6r att f\u00e5 \u00f6nskad tjocklek och det g\u00e5r \u00e4ven delvis att str\u00e4cka ut remsan om det beh\u00f6vs.<\/p>\n<p>Vid timring ger lindrevet en bra isolering mellan stockarna. Drevremsan ska avpassas s\u00e5 att utrymmet i l\u00e5ngdraget fylls ut, men drevet f\u00e5r inte sticka ut och vara synligt n\u00e4r timringen \u00e4r klar. Remsan ska heller inte vara f\u00f6r tjock, utan ge kanterna p\u00e5 den \u00f6vre stocken m\u00f6jlighet att m\u00f6ta tr\u00e4 i den undre stocken.<\/p>\n","protected":false},"excerpt":{"rendered":"<p>Lindrev \u00e4r en ren naturprodukt som best\u00e5r av 100 % linfiber.<\/p>\n","protected":false},"featured_media":73906,"comment_status":"open","ping_status":"closed","template":"","meta":{"_acf_changed":false},"product_brand":[],"product_cat":[863,833],"product_tag":[],"class_list":{"0":"post-73714","1":"product","2":"type-product","3":"status-publish","4":"has-post-thumbnail","6":"product_cat-isolera","7":"product_cat-tata-och-isolera","9":"first","10":"instock","11":"taxable","12":"shipping-taxable","13":"purchasable","14":"product-type-simple"},"acf":[],"_links":{"self":[{"href":"https:\/\/www.gysinge.com\/en\/wp-json\/wp\/v2\/product\/73714","targetHints":{"allow":["GET"]}}],"collection":[{"href":"https:\/\/www.gysinge.com\/en\/wp-json\/wp\/v2\/product"}],"about":[{"href":"https:\/\/www.gysinge.com\/en\/wp-json\/wp\/v2\/types\/product"}],"replies":[{"embeddable":true,"href":"https:\/\/www.gysinge.com\/en\/wp-json\/wp\/v2\/comments?post=73714"}],"wp:featuredmedia":[{"embeddable":true,"href":"https:\/\/www.gysinge.com\/en\/wp-json\/wp\/v2\/media\/73906"}],"wp:attachment":[{"href":"https:\/\/www.gysinge.com\/en\/wp-json\/wp\/v2\/media?parent=73714"}],"wp:term":[{"taxonomy":"product_brand","embeddable":true,"href":"https:\/\/www.gysinge.com\/en\/wp-json\/wp\/v2\/product_brand?post=73714"},{"taxonomy":"product_cat","embeddable":true,"href":"https:\/\/www.gysinge.com\/en\/wp-json\/wp\/v2\/product_cat?post=73714"},{"taxonomy":"product_tag","embeddable":true,"href":"https:\/\/www.gysinge.com\/en\/wp-json\/wp\/v2\/product_tag?post=73714"}],"curies":[{"name":"wp","href":"https:\/\/api.w.org\/{rel}","templated":true}]}}