{"id":68295,"date":"2026-01-22T07:00:17","date_gmt":"2026-01-22T06:00:17","guid":{"rendered":"https:\/\/www.gysinge.com\/produkt\/tapetlod\/"},"modified":"2026-04-24T02:43:20","modified_gmt":"2026-04-24T00:43:20","slug":"tapetlod","status":"publish","type":"product","link":"https:\/\/www.gysinge.com\/en\/produkt\/tapetlod\/","title":{"rendered":"Tapetlod"},"content":{"rendered":"<p>* Tapetlod anv\u00e4nds f\u00f6r att f\u00e5 raka lodr\u00e4ta tapetskarvar.<\/p>\n<p>* \u00c4ven l\u00e4mplig vid murning och platts\u00e4ttning.<\/p>\n<p>* St\u00e5llod med sn\u00f6re av syntet.<\/p>\n<p><strong>Tapetlod\u00a0<\/strong>anv\u00e4nds f\u00f6r att f\u00e5 lodr\u00e4ta tapetv\u00e5der vid tapetsering. Genom att h\u00e5lla sn\u00f6ret och sl\u00e4ppa ner lodet f\u00e5r man en lodr\u00e4t markering. \u00c4ven l\u00e4mplig vid murning och platts\u00e4ttning f\u00f6r att s\u00e4kerst\u00e4lla lodr\u00e4ta konstruktioner.<\/p>\n","protected":false},"excerpt":{"rendered":"<p>Tapetlod anv\u00e4nds f\u00f6r att f\u00e5 raka lodr\u00e4ta tapetskarvar.<\/p>\n","protected":false},"featured_media":68297,"comment_status":"open","ping_status":"closed","template":"","meta":{"_acf_changed":false},"product_brand":[],"product_cat":[807,812],"product_tag":[],"class_list":{"0":"post-68295","1":"product","2":"type-product","3":"status-publish","4":"has-post-thumbnail","6":"product_cat-tapeter","7":"product_cat-verktyg-och-tillbehor","9":"first","10":"instock","11":"taxable","12":"shipping-taxable","13":"purchasable","14":"product-type-simple"},"acf":[],"_links":{"self":[{"href":"https:\/\/www.gysinge.com\/en\/wp-json\/wp\/v2\/product\/68295","targetHints":{"allow":["GET"]}}],"collection":[{"href":"https:\/\/www.gysinge.com\/en\/wp-json\/wp\/v2\/product"}],"about":[{"href":"https:\/\/www.gysinge.com\/en\/wp-json\/wp\/v2\/types\/product"}],"replies":[{"embeddable":true,"href":"https:\/\/www.gysinge.com\/en\/wp-json\/wp\/v2\/comments?post=68295"}],"wp:featuredmedia":[{"embeddable":true,"href":"https:\/\/www.gysinge.com\/en\/wp-json\/wp\/v2\/media\/68297"}],"wp:attachment":[{"href":"https:\/\/www.gysinge.com\/en\/wp-json\/wp\/v2\/media?parent=68295"}],"wp:term":[{"taxonomy":"product_brand","embeddable":true,"href":"https:\/\/www.gysinge.com\/en\/wp-json\/wp\/v2\/product_brand?post=68295"},{"taxonomy":"product_cat","embeddable":true,"href":"https:\/\/www.gysinge.com\/en\/wp-json\/wp\/v2\/product_cat?post=68295"},{"taxonomy":"product_tag","embeddable":true,"href":"https:\/\/www.gysinge.com\/en\/wp-json\/wp\/v2\/product_tag?post=68295"}],"curies":[{"name":"wp","href":"https:\/\/api.w.org\/{rel}","templated":true}]}}