{"id":66503,"date":"2025-11-27T13:30:29","date_gmt":"2025-11-27T12:30:29","guid":{"rendered":"https:\/\/www.gysinge.com\/produkt\/gysinge-lopare-linne-65x200-cm\/"},"modified":"2026-04-24T02:43:20","modified_gmt":"2026-04-24T00:43:20","slug":"gysinge-lopare-linne-65x200-cm","status":"publish","type":"product","link":"https:\/\/www.gysinge.com\/en\/produkt\/gysinge-lopare-linne-65x200-cm\/","title":{"rendered":"Gysinge l\u00f6pare linne"},"content":{"rendered":"<p>Gysinge l\u00f6pare i linne<\/p>\n<p>100% oblekt lin.. V\u00e4vd i traditionell skyttelv\u00e4vstol, d\u00e4rav de starka stadkanterna. Linbl\u00e5 rutning. Kypertv\u00e4vd med stort g\u00e5s\u00f6gem\u00f6nster.<\/p>\n<p>Bredd 65 cm<\/p>\n<p>L\u00e4ngd 200 cm<\/p>\n<p>Tv\u00e4ttas 60 grader<\/p>\n","protected":false},"excerpt":{"rendered":"<p>Gysinge l\u00f6pare i linne 100% oblekt lin.. V\u00e4vd i traditionell skyttelv\u00e4vstol, d\u00e4rav de starka stadkanterna. Linbl\u00e5 rutning. Kypertv\u00e4vd med stort g\u00e5s\u00f6gem\u00f6nster. Bredd 65 cm L\u00e4ngd 200 cm Tv\u00e4ttas 60 grader<\/p>\n","protected":false},"featured_media":66433,"comment_status":"open","ping_status":"closed","template":"","meta":{"_acf_changed":false},"product_brand":[],"product_cat":[878,880],"product_tag":[],"class_list":{"0":"post-66503","1":"product","2":"type-product","3":"status-publish","4":"has-post-thumbnail","6":"product_cat-dukar-och-servetter","7":"product_cat-dukning-och-porslin","9":"first","10":"instock","11":"taxable","12":"shipping-taxable","13":"purchasable","14":"product-type-simple"},"acf":[],"_links":{"self":[{"href":"https:\/\/www.gysinge.com\/en\/wp-json\/wp\/v2\/product\/66503","targetHints":{"allow":["GET"]}}],"collection":[{"href":"https:\/\/www.gysinge.com\/en\/wp-json\/wp\/v2\/product"}],"about":[{"href":"https:\/\/www.gysinge.com\/en\/wp-json\/wp\/v2\/types\/product"}],"replies":[{"embeddable":true,"href":"https:\/\/www.gysinge.com\/en\/wp-json\/wp\/v2\/comments?post=66503"}],"wp:featuredmedia":[{"embeddable":true,"href":"https:\/\/www.gysinge.com\/en\/wp-json\/wp\/v2\/media\/66433"}],"wp:attachment":[{"href":"https:\/\/www.gysinge.com\/en\/wp-json\/wp\/v2\/media?parent=66503"}],"wp:term":[{"taxonomy":"product_brand","embeddable":true,"href":"https:\/\/www.gysinge.com\/en\/wp-json\/wp\/v2\/product_brand?post=66503"},{"taxonomy":"product_cat","embeddable":true,"href":"https:\/\/www.gysinge.com\/en\/wp-json\/wp\/v2\/product_cat?post=66503"},{"taxonomy":"product_tag","embeddable":true,"href":"https:\/\/www.gysinge.com\/en\/wp-json\/wp\/v2\/product_tag?post=66503"}],"curies":[{"name":"wp","href":"https:\/\/api.w.org\/{rel}","templated":true}]}}