{"id":63591,"date":"2025-10-27T14:40:54","date_gmt":"2025-10-27T13:40:54","guid":{"rendered":"https:\/\/www.gysinge.com\/?post_type=product&#038;p=63591"},"modified":"2026-04-25T16:00:46","modified_gmt":"2026-04-25T14:00:46","slug":"pendel-fornicklad-50-cm","status":"publish","type":"product","link":"https:\/\/www.gysinge.com\/en\/produkt\/pendel-fornicklad-50-cm\/","title":{"rendered":"Pendel f\u00f6rnicklad l\u00e5ng"},"content":{"rendered":"<p>L\u00e4ngd 54 cm<\/p>\n<p>Sockel E27<\/p>\n","protected":false},"excerpt":{"rendered":"<p>L\u00e4ngd 54 cm Sockel E27<\/p>\n","protected":false},"featured_media":37305,"comment_status":"open","ping_status":"closed","template":"","meta":{"_acf_changed":false},"product_brand":[],"product_cat":[821],"product_tag":[],"class_list":{"0":"post-63591","1":"product","2":"type-product","3":"status-publish","4":"has-post-thumbnail","6":"product_cat-inomhus-belysning","8":"first","9":"instock","10":"taxable","11":"shipping-taxable","12":"purchasable","13":"product-type-simple"},"acf":[],"_links":{"self":[{"href":"https:\/\/www.gysinge.com\/en\/wp-json\/wp\/v2\/product\/63591","targetHints":{"allow":["GET"]}}],"collection":[{"href":"https:\/\/www.gysinge.com\/en\/wp-json\/wp\/v2\/product"}],"about":[{"href":"https:\/\/www.gysinge.com\/en\/wp-json\/wp\/v2\/types\/product"}],"replies":[{"embeddable":true,"href":"https:\/\/www.gysinge.com\/en\/wp-json\/wp\/v2\/comments?post=63591"}],"wp:featuredmedia":[{"embeddable":true,"href":"https:\/\/www.gysinge.com\/en\/wp-json\/wp\/v2\/media\/37305"}],"wp:attachment":[{"href":"https:\/\/www.gysinge.com\/en\/wp-json\/wp\/v2\/media?parent=63591"}],"wp:term":[{"taxonomy":"product_brand","embeddable":true,"href":"https:\/\/www.gysinge.com\/en\/wp-json\/wp\/v2\/product_brand?post=63591"},{"taxonomy":"product_cat","embeddable":true,"href":"https:\/\/www.gysinge.com\/en\/wp-json\/wp\/v2\/product_cat?post=63591"},{"taxonomy":"product_tag","embeddable":true,"href":"https:\/\/www.gysinge.com\/en\/wp-json\/wp\/v2\/product_tag?post=63591"}],"curies":[{"name":"wp","href":"https:\/\/api.w.org\/{rel}","templated":true}]}}