{"id":62782,"date":"2025-10-09T09:40:16","date_gmt":"2025-10-09T07:40:16","guid":{"rendered":"https:\/\/www.gysinge.com\/produkt\/vedkorg-2\/"},"modified":"2026-04-30T02:43:15","modified_gmt":"2026-04-30T00:43:15","slug":"vedkorg-2","status":"publish","type":"product","link":"https:\/\/www.gysinge.com\/en\/produkt\/vedkorg-2\/","title":{"rendered":"Vedkorg"},"content":{"rendered":"<p>En svensktillverkad och handgjord vedkorg i furu som kombinerar funktion med klassisk stil. Perfekt f\u00f6r vedf\u00f6rvaring vid din kamin eller kakelugn. Modellen har extra f\u00f6rst\u00e4rkt handtag.<\/p>\n<p>&nbsp;<\/p>\n","protected":false},"excerpt":{"rendered":"<p>En svensktillverkad och handgjord vedkorg i furu som kombinerar funktion med klassisk stil. Perfekt f\u00f6r vedf\u00f6rvaring vid din kamin eller kakelugn. Modellen har extra f\u00f6rst\u00e4rkt handtag.<\/p>\n","protected":false},"featured_media":63189,"comment_status":"open","ping_status":"closed","template":"","meta":{"_acf_changed":false},"product_brand":[],"product_cat":[865,886,15,868],"product_tag":[],"class_list":{"0":"post-62782","1":"product","2":"type-product","3":"status-publish","4":"has-post-thumbnail","6":"product_cat-eldstader","7":"product_cat-korgar-och-kvastar","8":"product_cat-okategoriserad","9":"product_cat-tillbehor-eldstader","11":"first","12":"instock","13":"taxable","14":"shipping-taxable","15":"purchasable","16":"product-type-simple"},"acf":[],"_links":{"self":[{"href":"https:\/\/www.gysinge.com\/en\/wp-json\/wp\/v2\/product\/62782","targetHints":{"allow":["GET"]}}],"collection":[{"href":"https:\/\/www.gysinge.com\/en\/wp-json\/wp\/v2\/product"}],"about":[{"href":"https:\/\/www.gysinge.com\/en\/wp-json\/wp\/v2\/types\/product"}],"replies":[{"embeddable":true,"href":"https:\/\/www.gysinge.com\/en\/wp-json\/wp\/v2\/comments?post=62782"}],"wp:featuredmedia":[{"embeddable":true,"href":"https:\/\/www.gysinge.com\/en\/wp-json\/wp\/v2\/media\/63189"}],"wp:attachment":[{"href":"https:\/\/www.gysinge.com\/en\/wp-json\/wp\/v2\/media?parent=62782"}],"wp:term":[{"taxonomy":"product_brand","embeddable":true,"href":"https:\/\/www.gysinge.com\/en\/wp-json\/wp\/v2\/product_brand?post=62782"},{"taxonomy":"product_cat","embeddable":true,"href":"https:\/\/www.gysinge.com\/en\/wp-json\/wp\/v2\/product_cat?post=62782"},{"taxonomy":"product_tag","embeddable":true,"href":"https:\/\/www.gysinge.com\/en\/wp-json\/wp\/v2\/product_tag?post=62782"}],"curies":[{"name":"wp","href":"https:\/\/api.w.org\/{rel}","templated":true}]}}