{"id":62712,"date":"2025-10-07T12:30:00","date_gmt":"2025-10-07T10:30:00","guid":{"rendered":"https:\/\/www.gysinge.com\/produkt\/stockholms-arkitektur-fran-barock-till-postmodernism\/"},"modified":"2026-04-24T02:43:21","modified_gmt":"2026-04-24T00:43:21","slug":"stockholms-arkitektur-fran-barock-till-postmodernism","status":"publish","type":"product","link":"https:\/\/www.gysinge.com\/en\/produkt\/stockholms-arkitektur-fran-barock-till-postmodernism\/","title":{"rendered":"Stockholms arkitektur"},"content":{"rendered":"<p>Alla svenskar har en relation till huvudstaden men hur blev Stockholm det Stockholm vi k\u00e4nner i dag? I denna antologi skildrar ledande arkitekturhistoriker byggandets historia i Stockholm, b\u00e5de i \u00f6vergripande bilder av hela epoker och i detaljportr\u00e4tt av s\u00e4rskilt intressanta byggnader. Det \u00e4r en historia som sp\u00e4nner \u00f6ver fyra sekel fr\u00e5n den stora v\u00e5delden 1625 till nutid och inneh\u00e5ller \u00e4ven spaningar om hur framtida byggande kan s\u00e4tta sin pr\u00e4gel p\u00e5 huvudstaden. B\u00e5da k\u00e4nda och mindre k\u00e4nda byggnader, s\u00e5v\u00e4l slott som radhus, passerar revy. Stockholms historia blir en spegel av hela Sveriges ekonomiska, politiska och kulturella utveckling. Det \u00e4r ocks\u00e5 en bok om personerna och tankarna som har pr\u00e4glat staden. Bakom varje detalj, varje gatas dragning och varje nymodigt inslag finns personer som har haft id\u00e9er och personer som har valt att satsa p\u00e5 dem. H\u00e4r f\u00e5r vi m\u00f6ta m\u00e5nga av dem som har skapat det Stockholm vi i dag k\u00e4nner och \u00e4lskar.<\/p>\n<p>ISBN: 9789189696549<\/p>\n<p>Publicerad: 2025-09-25<\/p>\n<p>Illustrerad. 320 sidor..<\/p>\n","protected":false},"excerpt":{"rendered":"<p>Alla svenskar har en relation till huvudstaden men hur blev Stockholm det Stockholm vi k\u00e4nner i dag? I denna antologi skildrar ledande arkitekturhistoriker byggandets historia i Stockholm, b\u00e5de i \u00f6vergripande bilder av hela epoker och i detaljportr\u00e4tt av s\u00e4rskilt intressanta byggnader.<\/p>\n","protected":false},"featured_media":62713,"comment_status":"open","ping_status":"closed","template":"","meta":{"_acf_changed":false},"product_brand":[],"product_cat":[891],"product_tag":[],"class_list":{"0":"post-62712","1":"product","2":"type-product","3":"status-publish","4":"has-post-thumbnail","6":"product_cat-bocker-om-byggnadsvard","8":"first","9":"instock","10":"taxable","11":"shipping-taxable","12":"purchasable","13":"product-type-simple"},"acf":[],"_links":{"self":[{"href":"https:\/\/www.gysinge.com\/en\/wp-json\/wp\/v2\/product\/62712","targetHints":{"allow":["GET"]}}],"collection":[{"href":"https:\/\/www.gysinge.com\/en\/wp-json\/wp\/v2\/product"}],"about":[{"href":"https:\/\/www.gysinge.com\/en\/wp-json\/wp\/v2\/types\/product"}],"replies":[{"embeddable":true,"href":"https:\/\/www.gysinge.com\/en\/wp-json\/wp\/v2\/comments?post=62712"}],"wp:featuredmedia":[{"embeddable":true,"href":"https:\/\/www.gysinge.com\/en\/wp-json\/wp\/v2\/media\/62713"}],"wp:attachment":[{"href":"https:\/\/www.gysinge.com\/en\/wp-json\/wp\/v2\/media?parent=62712"}],"wp:term":[{"taxonomy":"product_brand","embeddable":true,"href":"https:\/\/www.gysinge.com\/en\/wp-json\/wp\/v2\/product_brand?post=62712"},{"taxonomy":"product_cat","embeddable":true,"href":"https:\/\/www.gysinge.com\/en\/wp-json\/wp\/v2\/product_cat?post=62712"},{"taxonomy":"product_tag","embeddable":true,"href":"https:\/\/www.gysinge.com\/en\/wp-json\/wp\/v2\/product_tag?post=62712"}],"curies":[{"name":"wp","href":"https:\/\/api.w.org\/{rel}","templated":true}]}}