{"id":615,"date":"2024-07-12T15:31:21","date_gmt":"2024-07-12T13:31:21","guid":{"rendered":"https:\/\/www.gysinge.com\/?post_type=product&#038;p=615"},"modified":"2026-04-24T02:46:11","modified_gmt":"2026-04-24T00:46:11","slug":"slojdbila","status":"publish","type":"product","link":"https:\/\/www.gysinge.com\/en\/produkt\/slojdbila\/","title":{"rendered":"Sl\u00f6jdbila"},"content":{"rendered":"<p>Gr\u00e4nsfors Sl\u00f6jdbila anv\u00e4nds f\u00f6r sl\u00f6jd och utformning av tr\u00e4. Yxan \u00e4r framtagen i samarbete med sl\u00f6jdarna Wille Sundqvist och Onni Linnanheimo med inspiration fr\u00e5n \u00e4ldre sl\u00f6jdbilor. Sl\u00f6jdbilan har ett relativt l\u00e5ngt, b\u00f6jt sk\u00e4r och levereras som standard med dubbelsidigt slipad egg.<\/p>\n<p>Sl\u00f6jdbila, slipad h\u00f6ger sida, har en kort brytfas\/slipfas p\u00e5 v\u00e4nster sida om eggen, om yxan h\u00e5lls med v\u00e4nster hand med skaftet ned\u00e5t och huvudet upp\u00e5t. Den h\u00f6gra sidan om eggen har en l\u00e4ngre, svagt konkav st\u00f6dfas\/slipfas som underst\u00f6djer yxans kontakt med tr\u00e4et vid t\u00e4ljning.<\/p>\n<p>Skaftet har en oj\u00e4mn yta f\u00f6r att ge bra friktion vid greppningen.<\/p>\n","protected":false},"excerpt":{"rendered":"<p>L\u00e4ngd 37 cm, vikt 1,0 kg, eggskydd av l\u00e4der.<\/p>\n","protected":false},"featured_media":27129,"comment_status":"open","ping_status":"closed","template":"","meta":{"_acf_changed":false},"product_brand":[],"product_cat":[848],"product_tag":[],"class_list":{"0":"post-615","1":"product","2":"type-product","3":"status-publish","4":"has-post-thumbnail","6":"product_cat-verktyg-och-maskiner","8":"first","9":"instock","10":"taxable","11":"shipping-taxable","12":"purchasable","13":"product-type-simple"},"acf":[],"_links":{"self":[{"href":"https:\/\/www.gysinge.com\/en\/wp-json\/wp\/v2\/product\/615","targetHints":{"allow":["GET"]}}],"collection":[{"href":"https:\/\/www.gysinge.com\/en\/wp-json\/wp\/v2\/product"}],"about":[{"href":"https:\/\/www.gysinge.com\/en\/wp-json\/wp\/v2\/types\/product"}],"replies":[{"embeddable":true,"href":"https:\/\/www.gysinge.com\/en\/wp-json\/wp\/v2\/comments?post=615"}],"wp:featuredmedia":[{"embeddable":true,"href":"https:\/\/www.gysinge.com\/en\/wp-json\/wp\/v2\/media\/27129"}],"wp:attachment":[{"href":"https:\/\/www.gysinge.com\/en\/wp-json\/wp\/v2\/media?parent=615"}],"wp:term":[{"taxonomy":"product_brand","embeddable":true,"href":"https:\/\/www.gysinge.com\/en\/wp-json\/wp\/v2\/product_brand?post=615"},{"taxonomy":"product_cat","embeddable":true,"href":"https:\/\/www.gysinge.com\/en\/wp-json\/wp\/v2\/product_cat?post=615"},{"taxonomy":"product_tag","embeddable":true,"href":"https:\/\/www.gysinge.com\/en\/wp-json\/wp\/v2\/product_tag?post=615"}],"curies":[{"name":"wp","href":"https:\/\/api.w.org\/{rel}","templated":true}]}}