{"id":59158,"date":"2025-07-24T13:50:43","date_gmt":"2025-07-24T11:50:43","guid":{"rendered":"https:\/\/www.gysinge.com\/produkt\/tygprov-spetsgardin-salsgardinen\/"},"modified":"2026-04-24T02:43:22","modified_gmt":"2026-04-24T00:43:22","slug":"tygprov-spetsgardin-salsgardinen","status":"publish","type":"product","link":"https:\/\/www.gysinge.com\/en\/produkt\/tygprov-spetsgardin-salsgardinen\/","title":{"rendered":"Tygprov Spetsgardin Salsgardinen"},"content":{"rendered":"<p>Tygprov av Spetsgardin Salsgardinen, 20 x 20 cm.<\/p>\n<p>Salsgardinen \u00e4r en elfenbensvit spetsgardin, tillverkad av finaste naturf\u00e4rgade bomull och \u00e4r praktfullt m\u00f6nstrad med rosor i vaser, girlanger, band och b\u00e5rder. Det h\u00e4r \u00e4r en typisk salsgardin med p\u00e5kostat m\u00f6nster, l\u00e4mplig f\u00f6r husets finaste rum.<\/p>\n<p data-start=\"517\" data-end=\"860\">Gardinen kommer ur den gamla skotska kollektionen och v\u00e4vs fortfarande p\u00e5 ett av de f\u00e5 kvarvarande v\u00e4verierna. Spets- eller tr\u00e5dgardiner var en mycket vanlig importvara i Sverige fr\u00e5n slutet av 1800-talet fram till andra v\u00e4rldskriget. M\u00e5nga m\u00f6nster, som detta, v\u00e4vdes i Skottland, d\u00e4r det finns en stark tradition av m\u00f6nstrade bomullsgardiner.<\/p>\n","protected":false},"excerpt":{"rendered":"<p>Tygprov av Spetsgardin Salsgardinen, 20 x 20 cm.<\/p>\n<p>Salsgardinen \u00e4r en elfenbensvit spetsgardin, tillverkad av finaste naturf\u00e4rgade bomull och \u00e4r praktfullt m\u00f6nstrad med rosor i vaser, girlanger, band och b\u00e5rder. Det h\u00e4r \u00e4r en typisk salsgardin med p\u00e5kostat m\u00f6nster, l\u00e4mplig f\u00f6r husets finaste rum.<\/p>\n<p data-start=\"517\" data-end=\"860\">Gardinen kommer ur den gamla skotska kollektionen och v\u00e4vs fortfarande p\u00e5 ett av de f\u00e5 kvarvarande v\u00e4verierna. Spets- eller tr\u00e5dgardiner var en mycket vanlig importvara i Sverige fr\u00e5n slutet av 1800-talet fram till andra v\u00e4rldskriget. M\u00e5nga m\u00f6nster, som detta, v\u00e4vdes i Skottland, d\u00e4r det finns en stark tradition av m\u00f6nstrade bomullsgardiner.<\/p>\n","protected":false},"featured_media":32529,"comment_status":"open","ping_status":"closed","template":"","meta":{"_acf_changed":false},"product_brand":[],"product_cat":[877,874,895],"product_tag":[],"class_list":{"0":"post-59158","1":"product","2":"type-product","3":"status-publish","4":"has-post-thumbnail","6":"product_cat-gardiner-och-tillbehor","7":"product_cat-textil","8":"product_cat-tyger","10":"first","11":"instock","12":"taxable","13":"shipping-taxable","14":"purchasable","15":"product-type-simple"},"acf":[],"_links":{"self":[{"href":"https:\/\/www.gysinge.com\/en\/wp-json\/wp\/v2\/product\/59158","targetHints":{"allow":["GET"]}}],"collection":[{"href":"https:\/\/www.gysinge.com\/en\/wp-json\/wp\/v2\/product"}],"about":[{"href":"https:\/\/www.gysinge.com\/en\/wp-json\/wp\/v2\/types\/product"}],"replies":[{"embeddable":true,"href":"https:\/\/www.gysinge.com\/en\/wp-json\/wp\/v2\/comments?post=59158"}],"wp:featuredmedia":[{"embeddable":true,"href":"https:\/\/www.gysinge.com\/en\/wp-json\/wp\/v2\/media\/32529"}],"wp:attachment":[{"href":"https:\/\/www.gysinge.com\/en\/wp-json\/wp\/v2\/media?parent=59158"}],"wp:term":[{"taxonomy":"product_brand","embeddable":true,"href":"https:\/\/www.gysinge.com\/en\/wp-json\/wp\/v2\/product_brand?post=59158"},{"taxonomy":"product_cat","embeddable":true,"href":"https:\/\/www.gysinge.com\/en\/wp-json\/wp\/v2\/product_cat?post=59158"},{"taxonomy":"product_tag","embeddable":true,"href":"https:\/\/www.gysinge.com\/en\/wp-json\/wp\/v2\/product_tag?post=59158"}],"curies":[{"name":"wp","href":"https:\/\/api.w.org\/{rel}","templated":true}]}}