{"id":57465,"date":"2025-06-25T08:20:25","date_gmt":"2025-06-25T06:20:25","guid":{"rendered":"https:\/\/www.gysinge.com\/produkt\/handvarpa-5065\/"},"modified":"2026-05-01T02:43:15","modified_gmt":"2026-05-01T00:43:15","slug":"handvarpa-5065","status":"publish","type":"product","link":"https:\/\/www.gysinge.com\/en\/produkt\/handvarpa-5065\/","title":{"rendered":"Handvarpa 5065"},"content":{"rendered":"<p>Handvarpa f\u00f6r st\u00e4nga ut\u00e5tg\u00e5ende f\u00f6nster.<\/p>\n<p>Material: obehandlat segj\u00e4rn<\/p>\n<p>Tidsperiod 1890 -1930<\/p>\n<p>F\u00f6r m\u00e5tt se bild med m\u00e5ttskiss.<\/p>\n<p>Beh\u00f6ver kompletteras med stj\u00e4rthake 3031-19-3 och m\u00e4rla 30 mm 3031-19-50<\/p>\n<p>&nbsp;<\/p>\n","protected":false},"excerpt":{"rendered":"<p>Handvarpa f\u00f6r st\u00e4nga ut\u00e5tg\u00e5ende f\u00f6nster. Material: obehandlat segj\u00e4rn Tidsperiod 1890 -1930 F\u00f6r m\u00e5tt se bild med m\u00e5ttskiss. Beh\u00f6ver kompletteras med stj\u00e4rthake 3031-19-3 och m\u00e4rla 30 mm 3031-19-50 &nbsp;<\/p>\n","protected":false},"featured_media":57468,"comment_status":"open","ping_status":"closed","template":"","meta":{"_acf_changed":false},"product_brand":[],"product_cat":[1120],"product_tag":[],"class_list":{"0":"post-57465","1":"product","2":"type-product","3":"status-publish","4":"has-post-thumbnail","6":"product_cat-hinges-and-fittings","8":"first","9":"instock","10":"taxable","11":"shipping-taxable","12":"purchasable","13":"product-type-simple"},"acf":[],"_links":{"self":[{"href":"https:\/\/www.gysinge.com\/en\/wp-json\/wp\/v2\/product\/57465","targetHints":{"allow":["GET"]}}],"collection":[{"href":"https:\/\/www.gysinge.com\/en\/wp-json\/wp\/v2\/product"}],"about":[{"href":"https:\/\/www.gysinge.com\/en\/wp-json\/wp\/v2\/types\/product"}],"replies":[{"embeddable":true,"href":"https:\/\/www.gysinge.com\/en\/wp-json\/wp\/v2\/comments?post=57465"}],"wp:featuredmedia":[{"embeddable":true,"href":"https:\/\/www.gysinge.com\/en\/wp-json\/wp\/v2\/media\/57468"}],"wp:attachment":[{"href":"https:\/\/www.gysinge.com\/en\/wp-json\/wp\/v2\/media?parent=57465"}],"wp:term":[{"taxonomy":"product_brand","embeddable":true,"href":"https:\/\/www.gysinge.com\/en\/wp-json\/wp\/v2\/product_brand?post=57465"},{"taxonomy":"product_cat","embeddable":true,"href":"https:\/\/www.gysinge.com\/en\/wp-json\/wp\/v2\/product_cat?post=57465"},{"taxonomy":"product_tag","embeddable":true,"href":"https:\/\/www.gysinge.com\/en\/wp-json\/wp\/v2\/product_tag?post=57465"}],"curies":[{"name":"wp","href":"https:\/\/api.w.org\/{rel}","templated":true}]}}