{"id":56889,"date":"2025-06-18T09:00:11","date_gmt":"2025-06-18T07:00:11","guid":{"rendered":"https:\/\/www.gysinge.com\/produkt\/porslinsisolator-morkbrun-porslin-5-pack\/"},"modified":"2026-05-01T02:43:15","modified_gmt":"2026-05-01T00:43:15","slug":"porslinsisolator-morkbrun-porslin-5-pack","status":"publish","type":"product","link":"https:\/\/www.gysinge.com\/en\/produkt\/porslinsisolator-morkbrun-porslin-5-pack\/","title":{"rendered":"Porslinsisolator m\u00f6rkbrun porslin 5-pack"},"content":{"rendered":"<p>5 st Porslinsisolator i m\u00f6rkbrun porslin<\/p>\n<p>H\u00f6jd 20 mm, diameter 19 mm.<\/p>\n<p>skruv i antik m\u00e4ssing ing\u00e5r<\/p>\n","protected":false},"excerpt":{"rendered":"<p>5 st Porslinsisolator i m\u00f6rkbrun porslin H\u00f6jd 20 mm, diameter 19 mm. skruv i antik m\u00e4ssing ing\u00e5r<\/p>\n","protected":false},"featured_media":66630,"comment_status":"open","ping_status":"closed","template":"","meta":{"_acf_changed":false},"product_brand":[],"product_cat":[1065],"product_tag":[],"class_list":{"0":"post-56889","1":"product","2":"type-product","3":"status-publish","4":"has-post-thumbnail","6":"product_cat-accessories-electricity-and-lighting","8":"first","9":"instock","10":"taxable","11":"shipping-taxable","12":"purchasable","13":"product-type-simple"},"acf":[],"_links":{"self":[{"href":"https:\/\/www.gysinge.com\/en\/wp-json\/wp\/v2\/product\/56889","targetHints":{"allow":["GET"]}}],"collection":[{"href":"https:\/\/www.gysinge.com\/en\/wp-json\/wp\/v2\/product"}],"about":[{"href":"https:\/\/www.gysinge.com\/en\/wp-json\/wp\/v2\/types\/product"}],"replies":[{"embeddable":true,"href":"https:\/\/www.gysinge.com\/en\/wp-json\/wp\/v2\/comments?post=56889"}],"wp:featuredmedia":[{"embeddable":true,"href":"https:\/\/www.gysinge.com\/en\/wp-json\/wp\/v2\/media\/66630"}],"wp:attachment":[{"href":"https:\/\/www.gysinge.com\/en\/wp-json\/wp\/v2\/media?parent=56889"}],"wp:term":[{"taxonomy":"product_brand","embeddable":true,"href":"https:\/\/www.gysinge.com\/en\/wp-json\/wp\/v2\/product_brand?post=56889"},{"taxonomy":"product_cat","embeddable":true,"href":"https:\/\/www.gysinge.com\/en\/wp-json\/wp\/v2\/product_cat?post=56889"},{"taxonomy":"product_tag","embeddable":true,"href":"https:\/\/www.gysinge.com\/en\/wp-json\/wp\/v2\/product_tag?post=56889"}],"curies":[{"name":"wp","href":"https:\/\/api.w.org\/{rel}","templated":true}]}}