{"id":55618,"date":"2025-05-23T09:00:13","date_gmt":"2025-05-23T07:00:13","guid":{"rendered":"https:\/\/www.gysinge.com\/produkt\/glaskupa-oval-gul\/"},"modified":"2026-04-30T02:43:18","modified_gmt":"2026-04-30T00:43:18","slug":"glaskupa-oval-gul","status":"publish","type":"product","link":"https:\/\/www.gysinge.com\/en\/produkt\/glaskupa-oval-gul\/","title":{"rendered":"Glaskupa \u00c4gg gul"},"content":{"rendered":"<p>Glaskupa \u00c4gg gul passar v\u00e5r\u00a0 pendel l\u00e5ng och kort<\/p>\n<p>Diameter 21 cm<\/p>\n<p>H\u00f6jd 25 cm<\/p>\n","protected":false},"excerpt":{"rendered":"<p>Glaskupa \u00c4gg gul passar v\u00e5r\u00a0 pendel l\u00e5ng och kort Diameter 21 cm H\u00f6jd 25 cm<\/p>\n","protected":false},"featured_media":66624,"comment_status":"open","ping_status":"closed","template":"","meta":{"_acf_changed":false},"product_brand":[],"product_cat":[821],"product_tag":[],"class_list":{"0":"post-55618","1":"product","2":"type-product","3":"status-publish","4":"has-post-thumbnail","6":"product_cat-inomhus-belysning","8":"first","9":"instock","10":"taxable","11":"shipping-taxable","12":"purchasable","13":"product-type-simple"},"acf":[],"_links":{"self":[{"href":"https:\/\/www.gysinge.com\/en\/wp-json\/wp\/v2\/product\/55618","targetHints":{"allow":["GET"]}}],"collection":[{"href":"https:\/\/www.gysinge.com\/en\/wp-json\/wp\/v2\/product"}],"about":[{"href":"https:\/\/www.gysinge.com\/en\/wp-json\/wp\/v2\/types\/product"}],"replies":[{"embeddable":true,"href":"https:\/\/www.gysinge.com\/en\/wp-json\/wp\/v2\/comments?post=55618"}],"wp:featuredmedia":[{"embeddable":true,"href":"https:\/\/www.gysinge.com\/en\/wp-json\/wp\/v2\/media\/66624"}],"wp:attachment":[{"href":"https:\/\/www.gysinge.com\/en\/wp-json\/wp\/v2\/media?parent=55618"}],"wp:term":[{"taxonomy":"product_brand","embeddable":true,"href":"https:\/\/www.gysinge.com\/en\/wp-json\/wp\/v2\/product_brand?post=55618"},{"taxonomy":"product_cat","embeddable":true,"href":"https:\/\/www.gysinge.com\/en\/wp-json\/wp\/v2\/product_cat?post=55618"},{"taxonomy":"product_tag","embeddable":true,"href":"https:\/\/www.gysinge.com\/en\/wp-json\/wp\/v2\/product_tag?post=55618"}],"curies":[{"name":"wp","href":"https:\/\/api.w.org\/{rel}","templated":true}]}}