{"id":55617,"date":"2025-05-23T08:50:13","date_gmt":"2025-05-23T06:50:13","guid":{"rendered":"https:\/\/www.gysinge.com\/produkt\/glaskupa-oval-vit\/"},"modified":"2026-04-30T02:43:18","modified_gmt":"2026-04-30T00:43:18","slug":"glaskupa-oval-vit","status":"publish","type":"product","link":"https:\/\/www.gysinge.com\/en\/produkt\/glaskupa-oval-vit\/","title":{"rendered":"Glaskupa \u00c4gg vit"},"content":{"rendered":"<p>Glaskupa \u00c4gg vit passar v\u00e5r\u00a0 pendel l\u00e5ng och kort<\/p>\n<p>Diameter 21 cm<\/p>\n<p>H\u00f6jd 25 cm<\/p>\n","protected":false},"excerpt":{"rendered":"<p>Glaskupa \u00c4gg vit passar v\u00e5r\u00a0 pendel l\u00e5ng och kort Diameter 21 cm H\u00f6jd 25 cm<\/p>\n","protected":false},"featured_media":66222,"comment_status":"open","ping_status":"closed","template":"","meta":{"_acf_changed":false},"product_brand":[],"product_cat":[1096,1065],"product_tag":[],"class_list":{"0":"post-55617","1":"product","2":"type-product","3":"status-publish","4":"has-post-thumbnail","6":"product_cat-indoors-lighting","7":"product_cat-accessories-electricity-and-lighting","9":"first","10":"instock","11":"taxable","12":"shipping-taxable","13":"purchasable","14":"product-type-simple"},"acf":[],"_links":{"self":[{"href":"https:\/\/www.gysinge.com\/en\/wp-json\/wp\/v2\/product\/55617","targetHints":{"allow":["GET"]}}],"collection":[{"href":"https:\/\/www.gysinge.com\/en\/wp-json\/wp\/v2\/product"}],"about":[{"href":"https:\/\/www.gysinge.com\/en\/wp-json\/wp\/v2\/types\/product"}],"replies":[{"embeddable":true,"href":"https:\/\/www.gysinge.com\/en\/wp-json\/wp\/v2\/comments?post=55617"}],"wp:featuredmedia":[{"embeddable":true,"href":"https:\/\/www.gysinge.com\/en\/wp-json\/wp\/v2\/media\/66222"}],"wp:attachment":[{"href":"https:\/\/www.gysinge.com\/en\/wp-json\/wp\/v2\/media?parent=55617"}],"wp:term":[{"taxonomy":"product_brand","embeddable":true,"href":"https:\/\/www.gysinge.com\/en\/wp-json\/wp\/v2\/product_brand?post=55617"},{"taxonomy":"product_cat","embeddable":true,"href":"https:\/\/www.gysinge.com\/en\/wp-json\/wp\/v2\/product_cat?post=55617"},{"taxonomy":"product_tag","embeddable":true,"href":"https:\/\/www.gysinge.com\/en\/wp-json\/wp\/v2\/product_tag?post=55617"}],"curies":[{"name":"wp","href":"https:\/\/api.w.org\/{rel}","templated":true}]}}