{"id":54395,"date":"2025-04-28T08:10:26","date_gmt":"2025-04-28T06:10:26","guid":{"rendered":"https:\/\/www.gysinge.com\/produkt\/blad-till-tapetkniv-10-pack\/"},"modified":"2026-04-24T02:43:24","modified_gmt":"2026-04-24T00:43:24","slug":"blad-till-tapetkniv-10-pack","status":"publish","type":"product","link":"https:\/\/www.gysinge.com\/en\/produkt\/blad-till-tapetkniv-10-pack\/","title":{"rendered":"Blad till tapetkniv 10-pack"},"content":{"rendered":"<p>Blad till tapetkniv 10-pack<\/p>\n<p>* Extra starkt industrirakblad till tapetknivar<\/p>\n<p>* Extra starkt industriblad av kolst\u00e5l.<\/p>\n<p>* Sk\u00e4r effektivt tapet, plastfolie, tyg, filt, v\u00e4v, l\u00e4der, gummi, vinyl etc.<\/p>\n<p>* Dubbelfasat f\u00f6r extra l\u00e5ng h\u00e5llbarhet.<\/p>\n<p><strong>Industriblad 22 x 40mm<\/strong>\u00a0\u00e4r 0,2mm tjock f\u00f6r snygga snitt i tapet, tyg, filt, PVC, vinyl, gummi, l\u00e4der, plastfilm etc. Anv\u00e4nds tillsammans med tapetkniv eller sk\u00e4rkloss f\u00f6r snygga raka snitt av tapetv\u00e5der. Treh\u00e5ligt industrirakblad av kolst\u00e5l som \u00e4r dubbelslipat med ett beskyddande oxidlager. Elastisk yta med h\u00e5rd k\u00e4rna.<\/p>\n","protected":false},"excerpt":{"rendered":"<p>Blad till tapetkniv 10-pack<\/p>\n<p>* Extra starkt industrirakblad till tapetknivar<\/p>\n<p>* Extra starkt industriblad av kolst\u00e5l.<\/p>\n<p>* Sk\u00e4r effektivt tapet, plastfolie, tyg, filt, v\u00e4v, l\u00e4der, gummi, vinyl etc.<\/p>\n<p>* Dubbelfasat f\u00f6r extra l\u00e5ng h\u00e5llbarhet.<\/p>\n","protected":false},"featured_media":68287,"comment_status":"open","ping_status":"closed","template":"","meta":{"_acf_changed":false},"product_brand":[],"product_cat":[807,812],"product_tag":[],"class_list":{"0":"post-54395","1":"product","2":"type-product","3":"status-publish","4":"has-post-thumbnail","6":"product_cat-tapeter","7":"product_cat-verktyg-och-tillbehor","9":"first","10":"instock","11":"taxable","12":"shipping-taxable","13":"purchasable","14":"product-type-simple"},"acf":[],"_links":{"self":[{"href":"https:\/\/www.gysinge.com\/en\/wp-json\/wp\/v2\/product\/54395","targetHints":{"allow":["GET"]}}],"collection":[{"href":"https:\/\/www.gysinge.com\/en\/wp-json\/wp\/v2\/product"}],"about":[{"href":"https:\/\/www.gysinge.com\/en\/wp-json\/wp\/v2\/types\/product"}],"replies":[{"embeddable":true,"href":"https:\/\/www.gysinge.com\/en\/wp-json\/wp\/v2\/comments?post=54395"}],"wp:featuredmedia":[{"embeddable":true,"href":"https:\/\/www.gysinge.com\/en\/wp-json\/wp\/v2\/media\/68287"}],"wp:attachment":[{"href":"https:\/\/www.gysinge.com\/en\/wp-json\/wp\/v2\/media?parent=54395"}],"wp:term":[{"taxonomy":"product_brand","embeddable":true,"href":"https:\/\/www.gysinge.com\/en\/wp-json\/wp\/v2\/product_brand?post=54395"},{"taxonomy":"product_cat","embeddable":true,"href":"https:\/\/www.gysinge.com\/en\/wp-json\/wp\/v2\/product_cat?post=54395"},{"taxonomy":"product_tag","embeddable":true,"href":"https:\/\/www.gysinge.com\/en\/wp-json\/wp\/v2\/product_tag?post=54395"}],"curies":[{"name":"wp","href":"https:\/\/api.w.org\/{rel}","templated":true}]}}