{"id":54394,"date":"2025-04-28T08:10:18","date_gmt":"2025-04-28T06:10:18","guid":{"rendered":"https:\/\/www.gysinge.com\/produkt\/tapetkniv\/"},"modified":"2026-04-24T02:43:24","modified_gmt":"2026-04-24T00:43:24","slug":"tapetkniv","status":"publish","type":"product","link":"https:\/\/www.gysinge.com\/en\/produkt\/tapetkniv\/","title":{"rendered":"Tapetkniv"},"content":{"rendered":"<p>Tapetkniv f\u00f6r sk\u00e4rning av tapet, v\u00e4v, folie, vinyl etc. Vinklat huvud f\u00f6r optimal precision vid sk\u00e4rning l\u00e4ngs kanter och i h\u00f6rn. Kniven levereras inklusive distansbrickor och m\u00e4ssingsmutter. Med distansbrickorna justerar man enkelt bladets sk\u00e4rl\u00e4ngd f\u00f6r att kunna anpassa kniven f\u00f6r \u00f6verlappningar. Anv\u00e4nds tillsammans med blad till tapetkniv (ing\u00e5r ej).<\/p>\n","protected":false},"excerpt":{"rendered":"<p>Tapetkniv med metallhuvud, distansbrickor och plastskaft.<\/p>\n<p>* Distansbrickor f\u00f6r justering av bladet.<\/p>\n<p>* Vinklat huvud f\u00f6r optimal precision.<\/p>\n<p>* Anv\u00e4nds med industriblad.<\/p>\n","protected":false},"featured_media":68280,"comment_status":"open","ping_status":"closed","template":"","meta":{"_acf_changed":false},"product_brand":[],"product_cat":[807,812],"product_tag":[],"class_list":{"0":"post-54394","1":"product","2":"type-product","3":"status-publish","4":"has-post-thumbnail","6":"product_cat-tapeter","7":"product_cat-verktyg-och-tillbehor","9":"first","10":"instock","11":"taxable","12":"shipping-taxable","13":"purchasable","14":"product-type-simple"},"acf":[],"_links":{"self":[{"href":"https:\/\/www.gysinge.com\/en\/wp-json\/wp\/v2\/product\/54394","targetHints":{"allow":["GET"]}}],"collection":[{"href":"https:\/\/www.gysinge.com\/en\/wp-json\/wp\/v2\/product"}],"about":[{"href":"https:\/\/www.gysinge.com\/en\/wp-json\/wp\/v2\/types\/product"}],"replies":[{"embeddable":true,"href":"https:\/\/www.gysinge.com\/en\/wp-json\/wp\/v2\/comments?post=54394"}],"wp:featuredmedia":[{"embeddable":true,"href":"https:\/\/www.gysinge.com\/en\/wp-json\/wp\/v2\/media\/68280"}],"wp:attachment":[{"href":"https:\/\/www.gysinge.com\/en\/wp-json\/wp\/v2\/media?parent=54394"}],"wp:term":[{"taxonomy":"product_brand","embeddable":true,"href":"https:\/\/www.gysinge.com\/en\/wp-json\/wp\/v2\/product_brand?post=54394"},{"taxonomy":"product_cat","embeddable":true,"href":"https:\/\/www.gysinge.com\/en\/wp-json\/wp\/v2\/product_cat?post=54394"},{"taxonomy":"product_tag","embeddable":true,"href":"https:\/\/www.gysinge.com\/en\/wp-json\/wp\/v2\/product_tag?post=54394"}],"curies":[{"name":"wp","href":"https:\/\/api.w.org\/{rel}","templated":true}]}}