{"id":52367,"date":"2025-03-12T15:29:16","date_gmt":"2025-03-12T14:29:16","guid":{"rendered":"https:\/\/www.gysinge.com\/produkt\/fordrivare\/"},"modified":"2026-05-01T02:43:19","modified_gmt":"2026-05-01T00:43:19","slug":"fordrivare","status":"publish","type":"product","link":"https:\/\/www.gysinge.com\/en\/produkt\/fordrivare\/","title":{"rendered":"F\u00f6rdrivare"},"content":{"rendered":"<p>En f\u00f6rdrivare med gr\u00e4vlingsh\u00e5r f\u00f6r \u00e5dring, marmorering och konstm\u00e5leri.<\/p>\n<p>Storlek 3&#8243; f\u00f6rstaklassig gr\u00e4vlingsh\u00e5r, lackerad tr\u00e4skaft.<\/p>\n","protected":false},"excerpt":{"rendered":"<p>En f\u00f6rdrivare med gr\u00e4vlingsh\u00e5r f\u00f6r \u00e5dring, marmorering och konstm\u00e5leri.<\/p>\n","protected":false},"featured_media":69760,"comment_status":"open","ping_status":"closed","template":"","meta":{"_acf_changed":false},"product_brand":[],"product_cat":[1067],"product_tag":[],"class_list":{"0":"post-52367","1":"product","2":"type-product","3":"status-publish","4":"has-post-thumbnail","6":"product_cat-brushes-and-accessories","8":"first","9":"instock","10":"taxable","11":"shipping-taxable","12":"purchasable","13":"product-type-simple"},"acf":[],"_links":{"self":[{"href":"https:\/\/www.gysinge.com\/en\/wp-json\/wp\/v2\/product\/52367","targetHints":{"allow":["GET"]}}],"collection":[{"href":"https:\/\/www.gysinge.com\/en\/wp-json\/wp\/v2\/product"}],"about":[{"href":"https:\/\/www.gysinge.com\/en\/wp-json\/wp\/v2\/types\/product"}],"replies":[{"embeddable":true,"href":"https:\/\/www.gysinge.com\/en\/wp-json\/wp\/v2\/comments?post=52367"}],"wp:featuredmedia":[{"embeddable":true,"href":"https:\/\/www.gysinge.com\/en\/wp-json\/wp\/v2\/media\/69760"}],"wp:attachment":[{"href":"https:\/\/www.gysinge.com\/en\/wp-json\/wp\/v2\/media?parent=52367"}],"wp:term":[{"taxonomy":"product_brand","embeddable":true,"href":"https:\/\/www.gysinge.com\/en\/wp-json\/wp\/v2\/product_brand?post=52367"},{"taxonomy":"product_cat","embeddable":true,"href":"https:\/\/www.gysinge.com\/en\/wp-json\/wp\/v2\/product_cat?post=52367"},{"taxonomy":"product_tag","embeddable":true,"href":"https:\/\/www.gysinge.com\/en\/wp-json\/wp\/v2\/product_tag?post=52367"}],"curies":[{"name":"wp","href":"https:\/\/api.w.org\/{rel}","templated":true}]}}