{"id":52366,"date":"2025-03-12T15:29:15","date_gmt":"2025-03-12T14:29:15","guid":{"rendered":"https:\/\/www.gysinge.com\/produkt\/ekpiska\/"},"modified":"2026-05-01T02:43:19","modified_gmt":"2026-05-01T00:43:19","slug":"ekpiska","status":"publish","type":"product","link":"https:\/\/www.gysinge.com\/en\/produkt\/ekpiska\/","title":{"rendered":"Ekpiska"},"content":{"rendered":"<p>Ekpiska som anv\u00e4nds bl a vid \u00e5dringsm\u00e5lning f\u00f6r att skapa effekter och h\u00e4rma olika tr\u00e4slag. Storlek 3&#8243;\u00a0 Svinborst. Skaft av boktr\u00e4.<\/p>\n","protected":false},"excerpt":{"rendered":"<p>Ekpiska storlek 3&#8243;<\/p>\n","protected":false},"featured_media":69766,"comment_status":"open","ping_status":"closed","template":"","meta":{"_acf_changed":false},"product_brand":[],"product_cat":[1067],"product_tag":[],"class_list":{"0":"post-52366","1":"product","2":"type-product","3":"status-publish","4":"has-post-thumbnail","6":"product_cat-brushes-and-accessories","8":"first","9":"instock","10":"taxable","11":"shipping-taxable","12":"purchasable","13":"product-type-simple"},"acf":[],"_links":{"self":[{"href":"https:\/\/www.gysinge.com\/en\/wp-json\/wp\/v2\/product\/52366","targetHints":{"allow":["GET"]}}],"collection":[{"href":"https:\/\/www.gysinge.com\/en\/wp-json\/wp\/v2\/product"}],"about":[{"href":"https:\/\/www.gysinge.com\/en\/wp-json\/wp\/v2\/types\/product"}],"replies":[{"embeddable":true,"href":"https:\/\/www.gysinge.com\/en\/wp-json\/wp\/v2\/comments?post=52366"}],"wp:featuredmedia":[{"embeddable":true,"href":"https:\/\/www.gysinge.com\/en\/wp-json\/wp\/v2\/media\/69766"}],"wp:attachment":[{"href":"https:\/\/www.gysinge.com\/en\/wp-json\/wp\/v2\/media?parent=52366"}],"wp:term":[{"taxonomy":"product_brand","embeddable":true,"href":"https:\/\/www.gysinge.com\/en\/wp-json\/wp\/v2\/product_brand?post=52366"},{"taxonomy":"product_cat","embeddable":true,"href":"https:\/\/www.gysinge.com\/en\/wp-json\/wp\/v2\/product_cat?post=52366"},{"taxonomy":"product_tag","embeddable":true,"href":"https:\/\/www.gysinge.com\/en\/wp-json\/wp\/v2\/product_tag?post=52366"}],"curies":[{"name":"wp","href":"https:\/\/api.w.org\/{rel}","templated":true}]}}