{"id":39299,"date":"2024-11-25T21:49:06","date_gmt":"2024-11-25T20:49:06","guid":{"rendered":"https:\/\/www.gysinge.com\/?post_type=product&#038;p=39299"},"modified":"2026-04-24T02:46:23","modified_gmt":"2026-04-24T00:46:23","slug":"servetter","status":"publish","type":"product","link":"https:\/\/www.gysinge.com\/en\/produkt\/servetter\/","title":{"rendered":"Servetter"},"content":{"rendered":"<p>20 st matservetter 40&#215;40 cm tryckt p\u00e5 milj\u00f6v\u00e4nligt papper efter f\u00f6rlaga fr\u00e5n Tobias Langs m\u00f6nstersamling i L\u00e4nsmuseet, Gotlands Fornsal<\/p>\n","protected":false},"excerpt":{"rendered":"<p>20 st matservetter 40&#215;40 cm tryckt p\u00e5 milj\u00f6v\u00e4nligt papper<\/p>\n","protected":false},"featured_media":69163,"comment_status":"open","ping_status":"closed","template":"","meta":{"_acf_changed":false},"product_brand":[],"product_cat":[880,846,888,887],"product_tag":[],"class_list":{"0":"post-39299","1":"product","2":"type-product","3":"status-publish","4":"has-post-thumbnail","6":"product_cat-dukning-och-porslin","7":"product_cat-kok","8":"product_cat-kok-kok-och-badrum","9":"product_cat-kok-och-badrum","11":"first","12":"instock","13":"taxable","14":"shipping-taxable","15":"purchasable","16":"product-type-variable"},"acf":[],"_links":{"self":[{"href":"https:\/\/www.gysinge.com\/en\/wp-json\/wp\/v2\/product\/39299","targetHints":{"allow":["GET"]}}],"collection":[{"href":"https:\/\/www.gysinge.com\/en\/wp-json\/wp\/v2\/product"}],"about":[{"href":"https:\/\/www.gysinge.com\/en\/wp-json\/wp\/v2\/types\/product"}],"replies":[{"embeddable":true,"href":"https:\/\/www.gysinge.com\/en\/wp-json\/wp\/v2\/comments?post=39299"}],"wp:featuredmedia":[{"embeddable":true,"href":"https:\/\/www.gysinge.com\/en\/wp-json\/wp\/v2\/media\/69163"}],"wp:attachment":[{"href":"https:\/\/www.gysinge.com\/en\/wp-json\/wp\/v2\/media?parent=39299"}],"wp:term":[{"taxonomy":"product_brand","embeddable":true,"href":"https:\/\/www.gysinge.com\/en\/wp-json\/wp\/v2\/product_brand?post=39299"},{"taxonomy":"product_cat","embeddable":true,"href":"https:\/\/www.gysinge.com\/en\/wp-json\/wp\/v2\/product_cat?post=39299"},{"taxonomy":"product_tag","embeddable":true,"href":"https:\/\/www.gysinge.com\/en\/wp-json\/wp\/v2\/product_tag?post=39299"}],"curies":[{"name":"wp","href":"https:\/\/api.w.org\/{rel}","templated":true}]}}