{"id":39114,"date":"2024-11-25T21:48:37","date_gmt":"2024-11-25T20:48:37","guid":{"rendered":"https:\/\/www.gysinge.com\/produkt\/text-nyckelamne\/"},"modified":"2026-04-24T02:43:46","modified_gmt":"2026-04-24T00:43:46","slug":"text-nyckelamne","status":"publish","type":"product","link":"https:\/\/www.gysinge.com\/en\/produkt\/text-nyckelamne\/","title":{"rendered":"Nyckel\u00e4mne till kammarl\u00e5s"},"content":{"rendered":"<p>Ett nyckel\u00e4mne av obehandlat st\u00e5l.<\/p>\n<p>Nyckel\u00e4mnet \u00e4r oborrat och beh\u00f6ver filas till f\u00f6r att anpassas till l\u00e5s.<\/p>\n","protected":false},"excerpt":{"rendered":"<p>Nyckel\u00e4mne av obehandlat st\u00e5l.<\/p>\n","protected":false},"featured_media":68041,"comment_status":"open","ping_status":"closed","template":"","meta":{"_acf_changed":false},"product_brand":[],"product_cat":[838,15,841],"product_tag":[],"class_list":{"0":"post-39114","1":"product","2":"type-product","3":"status-publish","4":"has-post-thumbnail","6":"product_cat-las-och-haspar","7":"product_cat-okategoriserad","8":"product_cat-tillbehor-dorrar","10":"first","11":"instock","12":"taxable","13":"shipping-taxable","14":"purchasable","15":"product-type-simple"},"acf":[],"_links":{"self":[{"href":"https:\/\/www.gysinge.com\/en\/wp-json\/wp\/v2\/product\/39114","targetHints":{"allow":["GET"]}}],"collection":[{"href":"https:\/\/www.gysinge.com\/en\/wp-json\/wp\/v2\/product"}],"about":[{"href":"https:\/\/www.gysinge.com\/en\/wp-json\/wp\/v2\/types\/product"}],"replies":[{"embeddable":true,"href":"https:\/\/www.gysinge.com\/en\/wp-json\/wp\/v2\/comments?post=39114"}],"wp:featuredmedia":[{"embeddable":true,"href":"https:\/\/www.gysinge.com\/en\/wp-json\/wp\/v2\/media\/68041"}],"wp:attachment":[{"href":"https:\/\/www.gysinge.com\/en\/wp-json\/wp\/v2\/media?parent=39114"}],"wp:term":[{"taxonomy":"product_brand","embeddable":true,"href":"https:\/\/www.gysinge.com\/en\/wp-json\/wp\/v2\/product_brand?post=39114"},{"taxonomy":"product_cat","embeddable":true,"href":"https:\/\/www.gysinge.com\/en\/wp-json\/wp\/v2\/product_cat?post=39114"},{"taxonomy":"product_tag","embeddable":true,"href":"https:\/\/www.gysinge.com\/en\/wp-json\/wp\/v2\/product_tag?post=39114"}],"curies":[{"name":"wp","href":"https:\/\/api.w.org\/{rel}","templated":true}]}}