{"id":39000,"date":"2024-11-25T21:48:19","date_gmt":"2024-11-25T20:48:19","guid":{"rendered":"https:\/\/www.gysinge.com\/?post_type=product&#038;p=39000"},"modified":"2026-05-01T02:43:42","modified_gmt":"2026-05-01T00:43:42","slug":"strombrytare-tryck-svart-bakelit","status":"publish","type":"product","link":"https:\/\/www.gysinge.com\/en\/produkt\/strombrytare-tryck-svart-bakelit\/","title":{"rendered":"Str\u00f6mbrytare insats tryck, svart bakelit"},"content":{"rendered":"<p>Signalknapp i svart bakelit f\u00f6r inf\u00e4llnad i v\u00e4gg. Fj\u00e4drande knapp. Rel\u00e4 eller dosdimmer ing\u00e5r ej.<\/p>\n<p>Kombineras med t\u00e4ckk\u00e5pa i bakelit.<\/p>\n","protected":false},"excerpt":{"rendered":"<p>Signalknapp i svart bakelit f\u00f6r inf\u00e4llnad i v\u00e4gg. Fj\u00e4drande knapp. Rel\u00e4 eller dosdimmer ing\u00e5r ej. Kombineras med t\u00e4ckk\u00e5pa i bakelit.<\/p>\n","protected":false},"featured_media":0,"comment_status":"open","ping_status":"closed","template":"","meta":{"_acf_changed":false},"product_brand":[],"product_cat":[816],"product_tag":[],"class_list":{"0":"post-39000","1":"product","2":"type-product","3":"status-publish","5":"product_cat-infalld","7":"first","8":"instock","9":"taxable","10":"shipping-taxable","11":"purchasable","12":"product-type-simple"},"acf":[],"_links":{"self":[{"href":"https:\/\/www.gysinge.com\/en\/wp-json\/wp\/v2\/product\/39000","targetHints":{"allow":["GET"]}}],"collection":[{"href":"https:\/\/www.gysinge.com\/en\/wp-json\/wp\/v2\/product"}],"about":[{"href":"https:\/\/www.gysinge.com\/en\/wp-json\/wp\/v2\/types\/product"}],"replies":[{"embeddable":true,"href":"https:\/\/www.gysinge.com\/en\/wp-json\/wp\/v2\/comments?post=39000"}],"wp:attachment":[{"href":"https:\/\/www.gysinge.com\/en\/wp-json\/wp\/v2\/media?parent=39000"}],"wp:term":[{"taxonomy":"product_brand","embeddable":true,"href":"https:\/\/www.gysinge.com\/en\/wp-json\/wp\/v2\/product_brand?post=39000"},{"taxonomy":"product_cat","embeddable":true,"href":"https:\/\/www.gysinge.com\/en\/wp-json\/wp\/v2\/product_cat?post=39000"},{"taxonomy":"product_tag","embeddable":true,"href":"https:\/\/www.gysinge.com\/en\/wp-json\/wp\/v2\/product_tag?post=39000"}],"curies":[{"name":"wp","href":"https:\/\/api.w.org\/{rel}","templated":true}]}}