{"id":1715,"date":"2024-07-12T15:32:24","date_gmt":"2024-07-12T13:32:24","guid":{"rendered":"https:\/\/www.gysinge.com\/?post_type=product&#038;p=1715"},"modified":"2026-04-30T13:30:44","modified_gmt":"2026-04-30T11:30:44","slug":"portgangjarn-1700-tal-35-cm","status":"publish","type":"product","link":"https:\/\/www.gysinge.com\/en\/produkt\/portgangjarn-1700-tal-35-cm\/","title":{"rendered":"Portg\u00e5ngj\u00e4rn, smide 1700-tal"},"content":{"rendered":"<p>Handsmidda bandg\u00e5ngj\u00e4rn till d\u00f6rrar, grindar och dyligt. Vanlig modell under 1700 och 1800-talet .<\/p>\n<p>M\u00e5lades ofta med svart linoljef\u00e4rg eller roslagsmahogny.<\/p>\n<p>G\u00e5ngj\u00e4rnsdel med l\u00f6kformade avslutning. G\u00e5ngj\u00e4rnsstapel med stift.<\/p>\n<p>Spikas l\u00e4mpligen med 2&#8243; handsmidd spik. (ing\u00e5r inte)<\/p>\n<p>Till ett par g\u00e5ngj\u00e4rn g\u00e5r det \u00e5t 8 stycken spikar<\/p>\n<p>&nbsp;<\/p>\n<p>&nbsp;<\/p>\n","protected":false},"excerpt":{"rendered":"<p>Handsmidda g\u00e5ngj\u00e4rn<\/p>\n","protected":false},"featured_media":69720,"comment_status":"open","ping_status":"closed","template":"","meta":{"_acf_changed":false},"product_brand":[],"product_cat":[839],"product_tag":[],"class_list":{"0":"post-1715","1":"product","2":"type-product","3":"status-publish","4":"has-post-thumbnail","6":"product_cat-gangjarn","8":"first","9":"instock","10":"taxable","11":"shipping-taxable","12":"purchasable","13":"product-type-simple"},"acf":[],"_links":{"self":[{"href":"https:\/\/www.gysinge.com\/en\/wp-json\/wp\/v2\/product\/1715","targetHints":{"allow":["GET"]}}],"collection":[{"href":"https:\/\/www.gysinge.com\/en\/wp-json\/wp\/v2\/product"}],"about":[{"href":"https:\/\/www.gysinge.com\/en\/wp-json\/wp\/v2\/types\/product"}],"replies":[{"embeddable":true,"href":"https:\/\/www.gysinge.com\/en\/wp-json\/wp\/v2\/comments?post=1715"}],"wp:featuredmedia":[{"embeddable":true,"href":"https:\/\/www.gysinge.com\/en\/wp-json\/wp\/v2\/media\/69720"}],"wp:attachment":[{"href":"https:\/\/www.gysinge.com\/en\/wp-json\/wp\/v2\/media?parent=1715"}],"wp:term":[{"taxonomy":"product_brand","embeddable":true,"href":"https:\/\/www.gysinge.com\/en\/wp-json\/wp\/v2\/product_brand?post=1715"},{"taxonomy":"product_cat","embeddable":true,"href":"https:\/\/www.gysinge.com\/en\/wp-json\/wp\/v2\/product_cat?post=1715"},{"taxonomy":"product_tag","embeddable":true,"href":"https:\/\/www.gysinge.com\/en\/wp-json\/wp\/v2\/product_tag?post=1715"}],"curies":[{"name":"wp","href":"https:\/\/api.w.org\/{rel}","templated":true}]}}