{"id":1300,"date":"2024-07-12T15:32:00","date_gmt":"2024-07-12T13:32:00","guid":{"rendered":"https:\/\/www.gysinge.com\/?post_type=product&#038;p=1300"},"modified":"2026-04-24T02:45:07","modified_gmt":"2026-04-24T00:45:07","slug":"ror-till-koksspisstang-massing-75-cm","status":"publish","type":"product","link":"https:\/\/www.gysinge.com\/en\/produkt\/ror-till-koksspisstang-massing-75-cm\/","title":{"rendered":"R\u00f6r till k\u00f6ksspisst\u00e5ng, m\u00e4ssing 75 cm"},"content":{"rendered":"<p>R\u00f6r till K\u00f6ksspisst\u00e5ng m\u00e4ssing<\/p>\n<p>L\u00e4ngd 75 cm<\/p>\n<p>Diameter 20 mm<\/p>\n","protected":false},"excerpt":{"rendered":"<p>R\u00f6r till K\u00f6ksspisst\u00e5ng m\u00e4ssing<\/p>\n<p>L\u00e4ngd 75 cm<\/p>\n<p>Diameter 20 mm<\/p>\n","protected":false},"featured_media":59844,"comment_status":"open","ping_status":"closed","template":"","meta":{"_acf_changed":false},"product_brand":[],"product_cat":[846,888,845,887,827],"product_tag":[],"class_list":{"0":"post-1300","1":"product","2":"type-product","3":"status-publish","4":"has-post-thumbnail","6":"product_cat-kok","7":"product_cat-kok-kok-och-badrum","8":"product_cat-kok-och-bad","9":"product_cat-kok-och-badrum","10":"product_cat-krokar","12":"first","13":"instock","14":"taxable","15":"shipping-taxable","16":"purchasable","17":"product-type-simple"},"acf":[],"_links":{"self":[{"href":"https:\/\/www.gysinge.com\/en\/wp-json\/wp\/v2\/product\/1300","targetHints":{"allow":["GET"]}}],"collection":[{"href":"https:\/\/www.gysinge.com\/en\/wp-json\/wp\/v2\/product"}],"about":[{"href":"https:\/\/www.gysinge.com\/en\/wp-json\/wp\/v2\/types\/product"}],"replies":[{"embeddable":true,"href":"https:\/\/www.gysinge.com\/en\/wp-json\/wp\/v2\/comments?post=1300"}],"wp:featuredmedia":[{"embeddable":true,"href":"https:\/\/www.gysinge.com\/en\/wp-json\/wp\/v2\/media\/59844"}],"wp:attachment":[{"href":"https:\/\/www.gysinge.com\/en\/wp-json\/wp\/v2\/media?parent=1300"}],"wp:term":[{"taxonomy":"product_brand","embeddable":true,"href":"https:\/\/www.gysinge.com\/en\/wp-json\/wp\/v2\/product_brand?post=1300"},{"taxonomy":"product_cat","embeddable":true,"href":"https:\/\/www.gysinge.com\/en\/wp-json\/wp\/v2\/product_cat?post=1300"},{"taxonomy":"product_tag","embeddable":true,"href":"https:\/\/www.gysinge.com\/en\/wp-json\/wp\/v2\/product_tag?post=1300"}],"curies":[{"name":"wp","href":"https:\/\/api.w.org\/{rel}","templated":true}]}}