{"id":1298,"date":"2024-07-12T15:32:00","date_gmt":"2024-07-12T13:32:00","guid":{"rendered":"https:\/\/www.gysinge.com\/?post_type=product&#038;p=1298"},"modified":"2026-04-24T02:45:07","modified_gmt":"2026-04-24T00:45:07","slug":"ror-till-koksspisstang-massing-100-cm","status":"publish","type":"product","link":"https:\/\/www.gysinge.com\/en\/produkt\/ror-till-koksspisstang-massing-100-cm\/","title":{"rendered":"R\u00f6r till k\u00f6ksspisst\u00e5ng, m\u00e4ssing 100 cm"},"content":{"rendered":"<p>R\u00f6r till K\u00f6ksspisst\u00e5ng m\u00e4ssing<\/p>\n<p>L\u00e4ngd 100 cm<\/p>\n<p>Diameter 20 mm<\/p>\n","protected":false},"excerpt":{"rendered":"<p>R\u00f6r till K\u00f6ksspisst\u00e5ng m\u00e4ssing<\/p>\n<p>L\u00e4ngd 100 cm<\/p>\n<p>Diameter 20 mm<\/p>\n","protected":false},"featured_media":59844,"comment_status":"open","ping_status":"closed","template":"","meta":{"_acf_changed":false},"product_brand":[],"product_cat":[888,887,827],"product_tag":[],"class_list":{"0":"post-1298","1":"product","2":"type-product","3":"status-publish","4":"has-post-thumbnail","6":"product_cat-kok-kok-och-badrum","7":"product_cat-kok-och-badrum","8":"product_cat-krokar","10":"first","11":"instock","12":"taxable","13":"shipping-taxable","14":"purchasable","15":"product-type-simple"},"acf":[],"_links":{"self":[{"href":"https:\/\/www.gysinge.com\/en\/wp-json\/wp\/v2\/product\/1298","targetHints":{"allow":["GET"]}}],"collection":[{"href":"https:\/\/www.gysinge.com\/en\/wp-json\/wp\/v2\/product"}],"about":[{"href":"https:\/\/www.gysinge.com\/en\/wp-json\/wp\/v2\/types\/product"}],"replies":[{"embeddable":true,"href":"https:\/\/www.gysinge.com\/en\/wp-json\/wp\/v2\/comments?post=1298"}],"wp:featuredmedia":[{"embeddable":true,"href":"https:\/\/www.gysinge.com\/en\/wp-json\/wp\/v2\/media\/59844"}],"wp:attachment":[{"href":"https:\/\/www.gysinge.com\/en\/wp-json\/wp\/v2\/media?parent=1298"}],"wp:term":[{"taxonomy":"product_brand","embeddable":true,"href":"https:\/\/www.gysinge.com\/en\/wp-json\/wp\/v2\/product_brand?post=1298"},{"taxonomy":"product_cat","embeddable":true,"href":"https:\/\/www.gysinge.com\/en\/wp-json\/wp\/v2\/product_cat?post=1298"},{"taxonomy":"product_tag","embeddable":true,"href":"https:\/\/www.gysinge.com\/en\/wp-json\/wp\/v2\/product_tag?post=1298"}],"curies":[{"name":"wp","href":"https:\/\/api.w.org\/{rel}","templated":true}]}}